{"id":80,"date":"2018-06-19T10:44:17","date_gmt":"2018-06-19T10:44:17","guid":{"rendered":"https:\/\/stisolucionesgt.com\/index.php\/about-us\/"},"modified":"2024-07-23T03:41:51","modified_gmt":"2024-07-23T03:41:51","slug":"about-us","status":"publish","type":"page","link":"https:\/\/stisolucionesgt.com\/index.php\/about-us\/","title":{"rendered":"Sobre Nosotros"},"content":{"rendered":"\t\t<div data-elementor-type=\"wp-page\" data-elementor-id=\"80\" class=\"elementor elementor-80\" data-elementor-post-type=\"page\">\n\t\t\t\t\t\t<section class=\"elementor-section elementor-top-section elementor-element elementor-element-7c89838d elementor-section-stretched elementor-section-height-min-height elementor-section-boxed elementor-section-height-default elementor-section-items-middle\" data-id=\"7c89838d\" data-element_type=\"section\" data-settings=\"{&quot;stretch_section&quot;:&quot;section-stretched&quot;,&quot;background_background&quot;:&quot;classic&quot;}\">\n\t\t\t\t\t\t<div class=\"elementor-container elementor-column-gap-default\">\n\t\t\t\t\t<div class=\"aux-parallax-section elementor-column elementor-col-100 elementor-top-column elementor-element elementor-element-51ad86fa aux-appear-watch-animation aux-fade-in-right\" data-id=\"51ad86fa\" data-element_type=\"column\">\n\t\t\t<div class=\"elementor-widget-wrap elementor-element-populated\">\n\t\t\t\t\t\t<div class=\"elementor-element elementor-element-65ae90d0 elementor-widget elementor-widget-aux_modern_heading\" data-id=\"65ae90d0\" data-element_type=\"widget\" data-widget_type=\"aux_modern_heading.default\">\n\t\t\t\t<div class=\"elementor-widget-container\">\n\t\t\t<section class=\"aux-widget-modern-heading\">\n            <div class=\"aux-widget-inner\"><h2 class=\"aux-modern-heading-primary\">Sobre Nosotros<\/h2><\/div>\n        <\/section>\t\t<\/div>\n\t\t\t\t<\/div>\n\t\t\t\t<div class=\"elementor-element elementor-element-8b41f70 elementor-widget elementor-widget-aux_breadcrumbs\" data-id=\"8b41f70\" data-element_type=\"widget\" data-widget_type=\"aux_breadcrumbs.default\">\n\t\t\t\t<div class=\"elementor-widget-container\">\n\t\t\t<div class=\"aux-elementor-breadcrumbs\"><p class=\"aux-breadcrumbs\"><span class=\"aux-breadcrumb-sep breadcrumb-icon auxicon-chevron-right-1\"><\/span><span><a href=\"https:\/\/stisolucionesgt.com\" title=\"Inicio\">Inicio<\/a><\/span><\/div>\t\t<\/div>\n\t\t\t\t<\/div>\n\t\t\t\t\t<\/div>\n\t\t<\/div>\n\t\t\t\t\t<\/div>\n\t\t<\/section>\n\t\t\t\t<section class=\"elementor-section elementor-top-section elementor-element elementor-element-ca2a472 elementor-section-content-middle elementor-section-boxed elementor-section-height-default elementor-section-height-default\" data-id=\"ca2a472\" data-element_type=\"section\">\n\t\t\t\t\t\t<div class=\"elementor-container elementor-column-gap-default\">\n\t\t\t\t\t<div class=\"aux-parallax-section elementor-column elementor-col-50 elementor-top-column elementor-element elementor-element-2ce959dd\" data-id=\"2ce959dd\" data-element_type=\"column\">\n\t\t\t<div class=\"elementor-widget-wrap elementor-element-populated\">\n\t\t\t\t\t\t<div class=\"elementor-element elementor-element-49d9de1 aux-appear-watch-animation aux-fade-in-up elementor-widget elementor-widget-aux_modern_heading\" data-id=\"49d9de1\" data-element_type=\"widget\" data-widget_type=\"aux_modern_heading.default\">\n\t\t\t\t<div class=\"elementor-widget-container\">\n\t\t\t<section class=\"aux-widget-modern-heading\">\n            <div class=\"aux-widget-inner\"><h2 class=\"aux-modern-heading-primary\"><\/h2><div class=\"aux-modern-heading-divider\"><\/div><div class=\"aux-modern-heading-description\"><p>Somos una empresa que implementa la venta y alquiler de equipos industriales para la realizaci\u00f3n de tareas cr\u00edticas. Contamos con varios proyectos en ejecuci\u00f3n simult\u00e1neos en materia de prevenci\u00f3n de riesgos, donde tenemos gestores y monitores de seguridad industrial.<br \/><br \/>Nuestro pilar fundamental es la prevenci\u00f3n de incidentes y accidentes, y seguiremos esforz\u00e1ndonos para brindar nuestros servicios con lealtad, compromiso y responsabilidad.<\/p><\/div><\/div>\n        <\/section>\t\t<\/div>\n\t\t\t\t<\/div>\n\t\t\t\t\t<\/div>\n\t\t<\/div>\n\t\t\t\t<div class=\"aux-parallax-section elementor-column elementor-col-50 elementor-top-column elementor-element elementor-element-1d8d0f19 aux-appear-watch-animation aux-scale-down\" data-id=\"1d8d0f19\" data-element_type=\"column\">\n\t\t\t<div class=\"elementor-widget-wrap elementor-element-populated\">\n\t\t\t\t\t\t<div class=\"elementor-element elementor-element-2d5cedba elementor-widget elementor-widget-aux_image\" data-id=\"2d5cedba\" data-element_type=\"widget\" data-widget_type=\"aux_image.default\">\n\t\t\t\t<div class=\"elementor-widget-container\">\n\t\t\t<section class=\"widget-container aux-widget-image aux-alignnone aux-parent-aub2deadfe\">\n    <div class=\"aux-media-hint-frame \">\n        <div class=\"aux-media-image \" >\n        \n            \n\n            \n            <img fetchpriority=\"high\" decoding=\"async\" width=\"784\" height=\"700\" src=\"data:image\/gif;base64,R0lGODlhAQABAIAAAAAAAP\/\/\/yH5BAEAAAAALAAAAAABAAEAAAIBRAA7\" class=\"aux-attachment aux-featured-image aux-attachment-id-119 aux-preload aux-blank\" alt=\"WhatsApp Image 2024-05-14 at 10.53.35 PM (3)\" data-ratio=\"1.12\" data-original-w=\"1077\" sizes=\"auto\" data-srcset=\"https:\/\/stisolucionesgt.com\/wp-content\/uploads\/2024\/07\/WhatsApp-Image-2024-05-14-at-10.53.35-PM-3-150x134.jpeg 150w,https:\/\/stisolucionesgt.com\/wp-content\/uploads\/2024\/07\/WhatsApp-Image-2024-05-14-at-10.53.35-PM-3-300x268.jpeg 300w,https:\/\/stisolucionesgt.com\/wp-content\/uploads\/2024\/07\/WhatsApp-Image-2024-05-14-at-10.53.35-PM-3-768x686.jpeg 768w,https:\/\/stisolucionesgt.com\/wp-content\/uploads\/2024\/07\/WhatsApp-Image-2024-05-14-at-10.53.35-PM-3-1024x914.jpeg 1024w,https:\/\/stisolucionesgt.com\/wp-content\/uploads\/2024\/07\/WhatsApp-Image-2024-05-14-at-10.53.35-PM-3-784x700.jpeg 784w\" data-src=\"https:\/\/stisolucionesgt.com\/wp-content\/uploads\/2024\/07\/WhatsApp-Image-2024-05-14-at-10.53.35-PM-3-784x700.jpeg\" \/>            \n                <\/div>\n    <\/div>\n\n<\/section><!-- widget-container -->\t\t<\/div>\n\t\t\t\t<\/div>\n\t\t\t\t\t<\/div>\n\t\t<\/div>\n\t\t\t\t\t<\/div>\n\t\t<\/section>\n\t\t\t\t<section class=\"elementor-section elementor-top-section elementor-element elementor-element-1b9453a elementor-section-content-middle elementor-section-boxed elementor-section-height-default elementor-section-height-default\" data-id=\"1b9453a\" data-element_type=\"section\" data-settings=\"{&quot;background_background&quot;:&quot;classic&quot;}\">\n\t\t\t\t\t\t<div class=\"elementor-container elementor-column-gap-default\">\n\t\t\t\t\t<div class=\"aux-parallax-section elementor-column elementor-col-50 elementor-top-column elementor-element elementor-element-46800144 aux-appear-watch-animation aux-fade-in-left\" data-id=\"46800144\" data-element_type=\"column\">\n\t\t\t<div class=\"elementor-widget-wrap elementor-element-populated\">\n\t\t\t\t\t\t<div class=\"elementor-element elementor-element-6b0f0e96 elementor-widget elementor-widget-aux_image\" data-id=\"6b0f0e96\" data-element_type=\"widget\" data-widget_type=\"aux_image.default\">\n\t\t\t\t<div class=\"elementor-widget-container\">\n\t\t\t<section class=\"widget-container aux-widget-image aux-alignnone aux-parent-aue34de1fc\">\n    <div class=\"aux-media-hint-frame \">\n        <div class=\"aux-media-image \" >\n        \n            \n\n            \n            <img decoding=\"async\" width=\"1037\" height=\"950\" src=\"data:image\/gif;base64,R0lGODlhAQABAIAAAAAAAP\/\/\/yH5BAEAAAAALAAAAAABAAEAAAIBRAA7\" class=\"aux-attachment aux-featured-image aux-attachment-id-124 aux-preload aux-blank\" alt=\"WhatsApp Image 2024-05-14 at 10.53.36 PM\" data-ratio=\"1.09\" data-original-w=\"1280\" sizes=\"auto\" data-srcset=\"https:\/\/stisolucionesgt.com\/wp-content\/uploads\/2024\/07\/WhatsApp-Image-2024-05-14-at-10.53.36-PM-150x137.jpeg 150w,https:\/\/stisolucionesgt.com\/wp-content\/uploads\/2024\/07\/WhatsApp-Image-2024-05-14-at-10.53.36-PM-300x275.jpeg 300w,https:\/\/stisolucionesgt.com\/wp-content\/uploads\/2024\/07\/WhatsApp-Image-2024-05-14-at-10.53.36-PM-768x704.jpeg 768w,https:\/\/stisolucionesgt.com\/wp-content\/uploads\/2024\/07\/WhatsApp-Image-2024-05-14-at-10.53.36-PM-1024x938.jpeg 1024w,https:\/\/stisolucionesgt.com\/wp-content\/uploads\/2024\/07\/WhatsApp-Image-2024-05-14-at-10.53.36-PM-1037x950.jpeg 1037w\" data-src=\"https:\/\/stisolucionesgt.com\/wp-content\/uploads\/2024\/07\/WhatsApp-Image-2024-05-14-at-10.53.36-PM-1037x950.jpeg\" \/>            \n                <\/div>\n    <\/div>\n\n<\/section><!-- widget-container -->\t\t<\/div>\n\t\t\t\t<\/div>\n\t\t\t\t\t<\/div>\n\t\t<\/div>\n\t\t\t\t<div class=\"aux-parallax-section elementor-column elementor-col-50 elementor-top-column elementor-element elementor-element-30d8bdbd\" data-id=\"30d8bdbd\" data-element_type=\"column\">\n\t\t\t<div class=\"elementor-widget-wrap elementor-element-populated\">\n\t\t\t\t\t\t<div class=\"elementor-element elementor-element-46fc4ae1 aux-appear-watch-animation aux-fade-in elementor-widget elementor-widget-aux_modern_heading\" data-id=\"46fc4ae1\" data-element_type=\"widget\" data-widget_type=\"aux_modern_heading.default\">\n\t\t\t\t<div class=\"elementor-widget-container\">\n\t\t\t<section class=\"aux-widget-modern-heading\">\n            <div class=\"aux-widget-inner\"><h2 class=\"aux-modern-heading-primary\"><\/h2><h3 class=\"aux-modern-heading-secondary\"><span class=\"aux-head-before\">MISI\u00d3N<\/span><\/h3><div class=\"aux-modern-heading-divider\"><\/div><div class=\"aux-modern-heading-description\"><p>Brindar soluciones efectivas a la industria y el comercio, con personal altamente calificado para realizar operaciones en el marco de la prevenci\u00f3n y mitigaci\u00f3n de riesgos.<\/p><\/div><\/div>\n        <\/section>\t\t<\/div>\n\t\t\t\t<\/div>\n\t\t\t\t\t<\/div>\n\t\t<\/div>\n\t\t\t\t\t<\/div>\n\t\t<\/section>\n\t\t\t\t<section class=\"elementor-section elementor-top-section elementor-element elementor-element-7873775 elementor-section-content-middle elementor-section-boxed elementor-section-height-default elementor-section-height-default\" data-id=\"7873775\" data-element_type=\"section\">\n\t\t\t\t\t\t<div class=\"elementor-container elementor-column-gap-default\">\n\t\t\t\t\t<div class=\"aux-parallax-section elementor-column elementor-col-50 elementor-top-column elementor-element elementor-element-de30348\" data-id=\"de30348\" data-element_type=\"column\">\n\t\t\t<div class=\"elementor-widget-wrap elementor-element-populated\">\n\t\t\t\t\t\t<div class=\"elementor-element elementor-element-2067350 aux-appear-watch-animation aux-fade-in-up elementor-widget elementor-widget-aux_modern_heading\" data-id=\"2067350\" data-element_type=\"widget\" data-widget_type=\"aux_modern_heading.default\">\n\t\t\t\t<div class=\"elementor-widget-container\">\n\t\t\t<section class=\"aux-widget-modern-heading\">\n            <div class=\"aux-widget-inner\"><h2 class=\"aux-modern-heading-primary\"><\/h2><h3 class=\"aux-modern-heading-secondary\"><span class=\"aux-head-before\">VISI\u00d3N<\/span><\/h3><div class=\"aux-modern-heading-divider\"><\/div><div class=\"aux-modern-heading-description\"><p>Ser una empresa l\u00edder en la regi\u00f3n que brinda soluciones t\u00e9cnicas industriales, asesor\u00edas, consultor\u00edas, formaci\u00f3n y capacitaci\u00f3n en materia de seguridad, salud y gesti\u00f3n de riesgos industrial.<\/p><p>Nuestro pilar fundamental es la prevenci\u00f3n de incidentes y accidentes, y seguiremos esforz\u00e1ndonos para brindar nuestros servicios con lealtad, compromiso y responsabilidad.<\/p><\/div><\/div>\n        <\/section>\t\t<\/div>\n\t\t\t\t<\/div>\n\t\t\t\t\t<\/div>\n\t\t<\/div>\n\t\t\t\t<div class=\"aux-parallax-section elementor-column elementor-col-50 elementor-top-column elementor-element elementor-element-3a01989 aux-appear-watch-animation aux-scale-down\" data-id=\"3a01989\" data-element_type=\"column\">\n\t\t\t<div class=\"elementor-widget-wrap elementor-element-populated\">\n\t\t\t\t\t\t<div class=\"elementor-element elementor-element-e00d507 elementor-widget elementor-widget-aux_image\" data-id=\"e00d507\" data-element_type=\"widget\" data-widget_type=\"aux_image.default\">\n\t\t\t\t<div class=\"elementor-widget-container\">\n\t\t\t<section class=\"widget-container aux-widget-image aux-alignnone aux-parent-aubfdfa4e7\">\n    <div class=\"aux-media-hint-frame \">\n        <div class=\"aux-media-image \" >\n        \n            \n\n            \n            <img decoding=\"async\" width=\"784\" height=\"700\" src=\"data:image\/gif;base64,R0lGODlhAQABAIAAAAAAAP\/\/\/yH5BAEAAAAALAAAAAABAAEAAAIBRAA7\" class=\"aux-attachment aux-featured-image aux-attachment-id-120 aux-preload aux-blank\" alt=\"WhatsApp Image 2024-05-14 at 10.53.29 PM (3)\" data-ratio=\"1.12\" data-original-w=\"1080\" sizes=\"auto\" data-srcset=\"https:\/\/stisolucionesgt.com\/wp-content\/uploads\/2024\/07\/WhatsApp-Image-2024-05-14-at-10.53.29-PM-3-1-150x134.jpeg 150w,https:\/\/stisolucionesgt.com\/wp-content\/uploads\/2024\/07\/WhatsApp-Image-2024-05-14-at-10.53.29-PM-3-1-300x268.jpeg 300w,https:\/\/stisolucionesgt.com\/wp-content\/uploads\/2024\/07\/WhatsApp-Image-2024-05-14-at-10.53.29-PM-3-1-768x686.jpeg 768w,https:\/\/stisolucionesgt.com\/wp-content\/uploads\/2024\/07\/WhatsApp-Image-2024-05-14-at-10.53.29-PM-3-1-1024x914.jpeg 1024w,https:\/\/stisolucionesgt.com\/wp-content\/uploads\/2024\/07\/WhatsApp-Image-2024-05-14-at-10.53.29-PM-3-1-784x700.jpeg 784w\" data-src=\"https:\/\/stisolucionesgt.com\/wp-content\/uploads\/2024\/07\/WhatsApp-Image-2024-05-14-at-10.53.29-PM-3-1-784x700.jpeg\" \/>            \n                <\/div>\n    <\/div>\n\n<\/section><!-- widget-container -->\t\t<\/div>\n\t\t\t\t<\/div>\n\t\t\t\t\t<\/div>\n\t\t<\/div>\n\t\t\t\t\t<\/div>\n\t\t<\/section>\n\t\t\t\t<section class=\"elementor-section elementor-top-section elementor-element elementor-element-73e2d548 elementor-section-stretched elementor-section-boxed elementor-section-height-default elementor-section-height-default\" data-id=\"73e2d548\" data-element_type=\"section\" data-settings=\"{&quot;background_background&quot;:&quot;classic&quot;,&quot;stretch_section&quot;:&quot;section-stretched&quot;}\">\n\t\t\t\t\t\t\t<div class=\"elementor-background-overlay\"><\/div>\n\t\t\t\t\t\t\t<div class=\"elementor-container elementor-column-gap-default\">\n\t\t\t\t\t<div class=\"aux-parallax-section elementor-column elementor-col-100 elementor-top-column elementor-element elementor-element-63189864\" data-id=\"63189864\" data-element_type=\"column\">\n\t\t\t<div class=\"elementor-widget-wrap elementor-element-populated\">\n\t\t\t\t\t\t<div class=\"elementor-element elementor-element-49eefbef aux-appear-watch-animation aux-scale-down elementor-widget elementor-widget-aux_modern_heading\" data-id=\"49eefbef\" data-element_type=\"widget\" data-widget_type=\"aux_modern_heading.default\">\n\t\t\t\t<div class=\"elementor-widget-container\">\n\t\t\t<section class=\"aux-widget-modern-heading\">\n            <div class=\"aux-widget-inner\"><h2 class=\"aux-modern-heading-primary\">VALORES<\/h2><div class=\"aux-modern-heading-description\"><ul><li>Compromiso: Nos comprometemos a brindar soluciones prontas y efectivas.<\/li><li>Lealtad: Brindar lealtad a nuestros clientes.<\/li><li>Confianza: Mantener y cuidar la confianza del cliente.<\/li><li>Responsabilidad: Cumplir con nuestros procesos de trabajo.<\/li><\/ul><\/div><\/div>\n        <\/section>\t\t<\/div>\n\t\t\t\t<\/div>\n\t\t\t\t<div class=\"elementor-element elementor-element-5ef324c elementor-widget elementor-widget-aux_modern_button\" data-id=\"5ef324c\" data-element_type=\"widget\" data-widget_type=\"aux_modern_button.default\">\n\t\t\t\t<div class=\"elementor-widget-container\">\n\t\t\t    <div class=\"aux-modern-button-wrapper aux-modern-button-align-center\" >\n                    <a class=\"aux-modern-button aux-black aux-modern-button-xl aux-modern-button-normal aux-modern-button-default aux-icon-right\" href=\"#\">\n                <div class=\"aux-overlay\"><\/div>\n                                    <div class=\"aux-icon \">\n                        <i aria-hidden=\"true\" class=\"auxicon2 auxicon2-arrow-chevron-small-right\"><\/i>                    <\/div>\n                                <div class=\"aux-text\">\n<span class=\"aux-text-before\">Iniciar con nuevo proyecto<\/span>                <\/div>\n            <\/a>\n            \n    <\/div>\n\n    \t\t<\/div>\n\t\t\t\t<\/div>\n\t\t\t\t\t<\/div>\n\t\t<\/div>\n\t\t\t\t\t<\/div>\n\t\t<\/section>\n\t\t\t\t<\/div>\n\t\t","protected":false},"excerpt":{"rendered":"<p>Sobre Nosotros Inicio Somos una empresa que implementa la venta y alquiler de equipos industriales para la realizaci\u00f3n de tareas cr\u00edticas. Contamos con varios proyectos en ejecuci\u00f3n simult\u00e1neos en materia de prevenci\u00f3n de riesgos, donde tenemos gestores y monitores de seguridad industrial. Nuestro pilar fundamental es la prevenci\u00f3n de incidentes y accidentes, y seguiremos esforz\u00e1ndonos [&hellip;]<\/p>\n","protected":false},"author":1,"featured_media":0,"parent":0,"menu_order":0,"comment_status":"closed","ping_status":"closed","template":"templates\/page-builder-content.php","meta":{"footnotes":""},"class_list":["post-80","page","type-page","status-publish","hentry"],"_links":{"self":[{"href":"https:\/\/stisolucionesgt.com\/index.php\/wp-json\/wp\/v2\/pages\/80","targetHints":{"allow":["GET"]}}],"collection":[{"href":"https:\/\/stisolucionesgt.com\/index.php\/wp-json\/wp\/v2\/pages"}],"about":[{"href":"https:\/\/stisolucionesgt.com\/index.php\/wp-json\/wp\/v2\/types\/page"}],"author":[{"embeddable":true,"href":"https:\/\/stisolucionesgt.com\/index.php\/wp-json\/wp\/v2\/users\/1"}],"replies":[{"embeddable":true,"href":"https:\/\/stisolucionesgt.com\/index.php\/wp-json\/wp\/v2\/comments?post=80"}],"version-history":[{"count":10,"href":"https:\/\/stisolucionesgt.com\/index.php\/wp-json\/wp\/v2\/pages\/80\/revisions"}],"predecessor-version":[{"id":127,"href":"https:\/\/stisolucionesgt.com\/index.php\/wp-json\/wp\/v2\/pages\/80\/revisions\/127"}],"wp:attachment":[{"href":"https:\/\/stisolucionesgt.com\/index.php\/wp-json\/wp\/v2\/media?parent=80"}],"curies":[{"name":"wp","href":"https:\/\/api.w.org\/{rel}","templated":true}]}}